{"id":18,"date":"2019-11-15T13:35:07","date_gmt":"2019-11-15T12:35:07","guid":{"rendered":"http:\/\/beta.optu-wolomin.pl\/?page_id=18"},"modified":"2025-11-17T23:53:15","modified_gmt":"2025-11-17T22:53:15","slug":"o-nas","status":"publish","type":"page","link":"https:\/\/optu-wolomin.pl\/index.php\/o-nas\/","title":{"rendered":"O nas"},"content":{"rendered":"\n<p><span style=\"color: #000000;\">O\u015brodek Profilaktyki i Terapii Uzale\u017cnie\u0144 Samodzielny Publiczny Zak\u0142ad Opieki Zdrowotnej w Wo\u0142ominie istnieje od 2007 roku. Organem tworz\u0105cym jest Gmina Wo\u0142omin.&nbsp;Wcze\u015bniej plac\u00f3wka funkcjonowa\u0142a jako poradnia odwykowa w strukturach Szpitala Powiatowego i MPZOZ nr 2.&nbsp;Mamy podpisan\u0105 umow\u0119 na \u015bwiadczenie us\u0142ug zdrowotnych z Mazowieckim Oddzia\u0142em Wojew\u00f3dzkim NFZ.&nbsp;Leczenie u nas jest bezp\u0142atne zar\u00f3wno dla os\u00f3b ubezpieczonych jak tez nieubezpieczonych. Nie obowi\u0105zuje rejonizacja, nie s\u0105 wymagane skierowania od os\u00f3b uzale\u017cnionych. W przypadku zg\u0142oszenia si\u0119 do O\u015brodka os\u00f3b wsp\u00f3\u0142uzale\u017cnionych (osoba \u017cyj\u0105ca z osob\u0105 uzale\u017cnion\u0105) lub os\u00f3b z uzale\u017cnieniem od hazardu, uzale\u017cnieniem od nawyk\u00f3w i pop\u0119d\u00f3w (np. zakupy, Internet, seks) wymagane jest posiadanie skierowania od lekarza pierwszego kontaktu lub lekarza psychiatry. <\/span><\/p>\n\n\n\n<p><span style=\"color: #000000;\">W sk\u0142ad O\u015brodka wchodz\u0105:<\/span><\/p>\n\n\n\n<ul class=\"wp-block-list\">\n<li><span style=\"color: #000000;\">Oddzia\u0142 Dzienny Terapii Uzale\u017cnienia od Alkoholu<\/span><\/li>\n\n\n\n<li><span style=\"color: #000000;\">Poradnia Terapii Uzale\u017cnienia od Alkoholu i Wsp\u00f3\u0142uzale\u017cnienia<\/span><\/li>\n\n\n\n<li><span style=\"color: #000000;\">Poradnia Terapii Uzale\u017cnienia od Substancji Psychoaktywnych<\/span><\/li>\n\n\n\n<li><span style=\"color: #000000;\">Poradnia Leczenia Uzale\u017cnie\u0144 dla Dzieci<\/span><\/li>\n<\/ul>\n\n\n\n<p><span style=\"color: #000000;\">Oferujemy program psychoterapii dla os\u00f3b uzale\u017cnionych od alkoholu, narkotyk\u00f3w, hazardu i innych zachowa\u0144 kompulsywnych oraz os\u00f3b wsp\u00f3\u0142uzale\u017cnionych wed\u0142ug nowoczesnych standard\u00f3w.<\/span><\/p>\n\n\n\n<p>Standardy OPTU:<\/p>\n\n\n\n<div class=\"wp-block-file\"><a id=\"wp-block-file--media-ec6f03df-f364-47ae-98e1-88393f988525\" href=\"https:\/\/optu-wolomin.pl\/wp-content\/uploads\/2024\/08\/Standardy-OPTU.pdf\">Standardy OPTU<\/a><a href=\"https:\/\/optu-wolomin.pl\/wp-content\/uploads\/2024\/08\/Standardy-OPTU.pdf\" class=\"wp-block-file__button wp-element-button\" download aria-describedby=\"wp-block-file--media-ec6f03df-f364-47ae-98e1-88393f988525\">Pobierz<\/a><\/div>\n\n\n\n<p><\/p>\n\n\n\n<p><span style=\"color: #000000;\">Zesp\u00f3\u0142 terapeutyczny pracuje pod merytorycznym nadzorem superwizora.<\/span><\/p>\n\n\n\n<p><span style=\"color: #000000;\">W naszym O\u015brodku odbywaj\u0105 si\u0119 spotkania poni\u017cszych grup:<\/span><\/p>\n\n\n\n<div class=\"wp-block-group is-horizontal is-content-justification-center is-layout-flex wp-container-core-group-is-layout-6bd4d9d1 wp-block-group-is-layout-flex\">\n<div class=\"wp-block-group has-small-font-size wp-container-content-9cfa9a5a\"><div class=\"wp-block-group__inner-container is-layout-constrained wp-block-group-is-layout-constrained\">\n<div class=\"wp-block-group is-content-justification-center is-nowrap is-layout-flex wp-container-core-group-is-layout-23441af8 wp-block-group-is-layout-flex\">\n<figure class=\"wp-block-table aligncenter is-style-stripes has-small-font-size\"><table class=\"has-fixed-layout\"><tbody><tr><td class=\"has-text-align-center\" data-align=\"center\"><strong>Mityng Wsp\u00f3lnoty<br>Al-Anon<\/strong><\/td><td class=\"has-text-align-center\" data-align=\"center\"><strong>Grupa wsparcia<br>dla os\u00f3b wsp\u00f3\u0142uzale\u017cnionych<\/strong><\/td><td class=\"has-text-align-center\" data-align=\"center\"><strong>Grupa wsparcia<br>dla os\u00f3b uzale\u017cnionych<\/strong><\/td><\/tr><tr><td class=\"has-text-align-center\" data-align=\"center\">Pi\u0105tek<br>17:00<\/td><td class=\"has-text-align-center\" data-align=\"center\">Poniedzia\u0142ek<br>18:00<\/td><td class=\"has-text-align-center\" data-align=\"center\">\u015aroda<br>17:00 &#8211; 18:30<\/td><\/tr><\/tbody><\/table><\/figure>\n<\/div>\n<\/div><\/div>\n<\/div>\n\n\n\n<p><\/p>\n\n\n\n<p><\/p>\n\n\n<p><\/p>\n\n\n<p><span style=\"color: #000000;\">Nasza plac\u00f3wka jest zlokalizowana w samym centrum miasta, w pobli\u017cu stacji PKP i komunikacji autobusowej<\/span>.<\/p>\n\n\n\n<p class=\"has-text-align-center\"><iframe src=\"https:\/\/www.google.com\/maps\/embed?pb=!1m18!1m12!1m3!1d2437.4604162775136!2d21.237924077583283!3d52.34393424924891!2m3!1f0!2f0!3f0!3m2!1i1024!2i768!4f13.1!3m3!1m2!1s0x471eda9613f539a7%3A0x754a74f7da901e0a!2sO%C5%9Brodek%20Profilaktyki%20i%20Terapii%20Uzale%C5%BCnie%C5%84!5e0!3m2!1spl!2spl!4v1716571613233!5m2!1spl!2spl\" width=\"600\" height=\"450\" style=\"border:0;\" allowfullscreen=\"\" loading=\"lazy\" referrerpolicy=\"no-referrer-when-downgrade\"><\/iframe><\/p>\n\n\n\n<p><\/p>\n","protected":false},"excerpt":{"rendered":"<p>O\u015brodek Profilaktyki i Terapii Uzale\u017cnie\u0144 Samodzielny Publiczny Zak\u0142ad Opieki Zdrowotnej w Wo\u0142ominie istnieje od 2007 roku. Organem tworz\u0105cym jest Gmina Wo\u0142omin.&nbsp;Wcze\u015bniej plac\u00f3wka funkcjonowa\u0142a jako poradnia odwykowa w strukturach Szpitala Powiatowego i MPZOZ nr 2.&nbsp;Mamy podpisan\u0105 umow\u0119 na \u015bwiadczenie us\u0142ug zdrowotnych z Mazowieckim Oddzia\u0142em Wojew\u00f3dzkim NFZ.&nbsp;Leczenie u nas jest bezp\u0142atne zar\u00f3wno dla os\u00f3b ubezpieczonych jak tez [&hellip;]<\/p>\n","protected":false},"author":1,"featured_media":0,"parent":0,"menu_order":2,"comment_status":"closed","ping_status":"closed","template":"","meta":{"saved_in_kubio":true,"footnotes":""},"class_list":["post-18","page","type-page","status-publish","hentry"],"kubio_ai_page_context":{"short_desc":"","purpose":"general"},"_links":{"self":[{"href":"https:\/\/optu-wolomin.pl\/index.php\/wp-json\/wp\/v2\/pages\/18","targetHints":{"allow":["GET"]}}],"collection":[{"href":"https:\/\/optu-wolomin.pl\/index.php\/wp-json\/wp\/v2\/pages"}],"about":[{"href":"https:\/\/optu-wolomin.pl\/index.php\/wp-json\/wp\/v2\/types\/page"}],"author":[{"embeddable":true,"href":"https:\/\/optu-wolomin.pl\/index.php\/wp-json\/wp\/v2\/users\/1"}],"replies":[{"embeddable":true,"href":"https:\/\/optu-wolomin.pl\/index.php\/wp-json\/wp\/v2\/comments?post=18"}],"version-history":[{"count":33,"href":"https:\/\/optu-wolomin.pl\/index.php\/wp-json\/wp\/v2\/pages\/18\/revisions"}],"predecessor-version":[{"id":1138,"href":"https:\/\/optu-wolomin.pl\/index.php\/wp-json\/wp\/v2\/pages\/18\/revisions\/1138"}],"wp:attachment":[{"href":"https:\/\/optu-wolomin.pl\/index.php\/wp-json\/wp\/v2\/media?parent=18"}],"curies":[{"name":"wp","href":"https:\/\/api.w.org\/{rel}","templated":true}]}}