{"id":19,"date":"2019-11-15T13:35:07","date_gmt":"2019-11-15T12:35:07","guid":{"rendered":"http:\/\/beta.optu-wolomin.pl\/?page_id=19"},"modified":"2024-04-20T13:18:14","modified_gmt":"2024-04-20T12:18:14","slug":"kontakt","status":"publish","type":"page","link":"https:\/\/optu-wolomin.pl\/index.php\/kontakt\/","title":{"rendered":"Kontakt"},"content":{"rendered":"\n<figure class=\"wp-block-table aligncenter is-style-stripes\"><table class=\"has-fixed-layout\"><tbody><tr><td> <strong>Rejestracja<\/strong><br>telefon: (22) 776-44-88<br>pon. &#8211; pt. w godz. 8.00-20.00 <\/td><td> <strong>Sekretariat<\/strong><br>telefon: (22) 787-85-43 wew. 22<br>pon. &#8211; pt. w godz. 7.00-15.00 <\/td><\/tr><\/tbody><\/table><figcaption class=\"wp-element-caption\">e-mail: <a href=\"mailto:sekretariat@optu-wolomin.pl\">sekretariat@optu-wolomin.pl<\/a><\/figcaption><\/figure>\n\n\n\n<p><\/p>\n\n\n\n<p><\/p>\n\n\n\n<p><strong>Siedziba<\/strong><br>ul. Powsta\u0144c\u00f3w 12<br>05-200 Wo\u0142omin<br>powiat wo\u0142omi\u0144ski, woj. mazowieckie<\/p>\n\n\n\n<figure class=\"wp-block-table is-style-stripes\"><table class=\"has-fixed-layout\"><tbody><tr><td class=\"has-text-align-center\" data-align=\"center\"><br><strong>Poradnia Terapii Uzale\u017cnienia od Alkoholu i Wsp\u00f3\u0142uzale\u017cnienia<\/strong><br>O\u015brodek czynny:<br>pon. &#8211; pt. 08:00 &#8211; 20:00<br><br><\/td><td class=\"has-text-align-center\" data-align=\"center\"><strong>Poradnia Terapii Uzale\u017cnienia od Substancji Psychoaktywnych<\/strong><br>O\u015brodek czynny:<br>pon. &#8211; pt. 08:00 &#8211; 20:00<\/td><td class=\"has-text-align-center\" data-align=\"center\"><strong>Poradnia Leczenia Uzale\u017cnie\u0144 dla Dzieci<\/strong><br>O\u015brodek czynny:<br>pon. &#8211; pt. 08:00 &#8211; 20:00<\/td><\/tr><\/tbody><\/table><\/figure>\n\n\n\n<div style=\"height:60px\" aria-hidden=\"true\" class=\"wp-block-spacer\"><\/div>\n\n\n\n<p><strong>\u015awietlice \u015arodowiskowe<\/strong><\/p>\n\n\n\n<figure class=\"wp-block-table aligncenter is-style-stripes\"><table><tbody><tr><td class=\"has-text-align-center\" data-align=\"center\"><strong>\u015awietlica \u015arodowiskowa nr 1 w Wo\u0142ominie<\/strong><br>ul. Mieszka I 16<br>telefon: 784-671-245<br>pon. &#8211; pt. 11.30-17.30<\/td><td class=\"has-text-align-center\" data-align=\"center\"><strong>\u015awietlica \u015arodowiskowa nr 2 w Wo\u0142ominie<\/strong><br>ul. Kurkowa 35<br>telefon: 784-671-580<br>pon. &#8211; pt. 12.00-18.00<\/td><\/tr><\/tbody><\/table><\/figure>\n\n\n\n<div style=\"height:41px\" aria-hidden=\"true\" class=\"wp-block-spacer\"><\/div>\n\n\n\n<div style=\"height:69px\" aria-hidden=\"true\" class=\"wp-block-spacer\"><\/div>\n\n\n<noscript class=\"ninja-forms-noscript-message\">\n\tUwaga: ta zawarto\u015b\u0107 wymaga obs\u0142ugi j\u0119zyka JavaScript.<\/noscript>\n<div id=\"nf-form-3-cont\" class=\"nf-form-cont\" aria-live=\"polite\" aria-labelledby=\"nf-form-title-3\" aria-describedby=\"nf-form-errors-3\" role=\"form\">\n\n    <div class=\"nf-loading-spinner\"><\/div>\n\n<\/div>\n        <!-- That data is being printed as a workaround to page builders reordering the order of the scripts loaded-->\n        <script>var formDisplay=1;var nfForms=nfForms||[];var form=[];form.id='3';form.settings={\"objectType\":\"Form Setting\",\"editActive\":true,\"title\":\"Napisz do nas\",\"show_title\":1,\"allow_public_link\":0,\"embed_form\":\"\",\"clear_complete\":1,\"hide_complete\":1,\"default_label_pos\":\"above\",\"wrapper_class\":\"\",\"element_class\":\"\",\"key\":\"\",\"add_submit\":1,\"changeEmailErrorMsg\":\"Wprowad\\u017a prawid\\u0142owy adres e-mail!\",\"changeDateErrorMsg\":\"Prosz\\u0119 wpisa\\u0107 prawid\\u0142ow\\u0105 dat\\u0119!\",\"confirmFieldErrorMsg\":\"Te pola musz\\u0105 si\\u0119 zgadza\\u0107!\",\"fieldNumberNumMinError\":\"B\\u0142\\u0105d \\u2014 liczba minimalna\",\"fieldNumberNumMaxError\":\"B\\u0142\\u0105d \\u2014 liczba maksymalna\",\"fieldNumberIncrementBy\":\"Zwi\\u0119ksz o \",\"formErrorsCorrectErrors\":\"Popraw b\\u0142\\u0119dy, zanim prze\\u015blesz formularz.\",\"validateRequiredField\":\"To jest wymagane pole.\",\"honeypotHoneypotError\":\"B\\u0142\\u0105d Honeypot\",\"fieldsMarkedRequired\":\"Pola oznaczone znakiem <span class=\\\"ninja-forms-req-symbol\\\">*<\\\/span> s\\u0105 wymagane\",\"currency\":\"\",\"unique_field_error\":\"Formularz z t\\u0105 warto\\u015bci\\u0105 zosta\\u0142 ju\\u017c przes\\u0142any.\",\"logged_in\":false,\"not_logged_in_msg\":\"\",\"sub_limit_msg\":\"Formularz osi\\u0105gn\\u0105\\u0142 limit wys\\u0142a\\u0144.\",\"calculations\":[],\"formContentData\":[\"imie_1579259642541\",\"email_1579259553028\",\"wiadomosc_1579259738698\",\"wyslij_1579260186690\"],\"drawerDisabled\":false,\"ninjaForms\":\"Ninja Forms\",\"fieldTextareaRTEInsertLink\":\"Wstaw odno\\u015bnik\",\"fieldTextareaRTEInsertMedia\":\"Wstaw media\",\"fieldTextareaRTESelectAFile\":\"Wybierz plik\",\"formHoneypot\":\"Je\\u015bli jeste\\u015b cz\\u0142owiekiem i widzisz to pole, nie wype\\u0142niaj go.\",\"fileUploadOldCodeFileUploadInProgress\":\"Przesy\\u0142anie pliku w toku.\",\"fileUploadOldCodeFileUpload\":\"PRZESY\\u0141ANIE PLIKU\",\"currencySymbol\":false,\"thousands_sep\":\"&nbsp;\",\"decimal_point\":\",\",\"siteLocale\":\"pl_PL\",\"dateFormat\":\"m\\\/d\\\/R\",\"startOfWeek\":\"1\",\"of\":\"z\",\"previousMonth\":\"Poprzedni miesi\\u0105c\",\"nextMonth\":\"Nast\\u0119pny miesi\\u0105c\",\"months\":[\"Stycze\\u0144\",\"Luty\",\"Marzec\",\"Kwiecie\\u0144\",\"Maj\",\"Czerwiec\",\"Lipiec\",\"Sierpie\\u0144\",\"Wrzesie\\u0144\",\"Pa\\u017adziernik\",\"Listopad\",\"Grudzie\\u0144\"],\"monthsShort\":[\"Sty\",\"Lut\",\"Mar\",\"Kw\",\"Maj\",\"Cze\",\"Lip\",\"Sie\",\"Wrz\",\"Pa\\u017a\",\"Lis\",\"Gru\"],\"weekdays\":[\"Niedziela\",\"Poniedzia\\u0142ek\",\"Wtorek\",\"\\u015aroda\",\"Czwartek\",\"Pi\\u0105tek\",\"Sobota\"],\"weekdaysShort\":[\"Niedz\",\"Pon\",\"Wt\",\"\\u015ar\",\"Czw\",\"Pt\",\"Sob\"],\"weekdaysMin\":[\"Niedz\",\"Pon\",\"Wt\",\"\\u015ar\",\"Czw\",\"Pt\",\"Sob\"],\"recaptchaConsentMissing\":\"reCaptcha validation couldn&#039;t load.\",\"recaptchaMissingCookie\":\"reCaptcha v3 validation couldn&#039;t load the cookie needed to submit the form.\",\"recaptchaConsentEvent\":\"Accept reCaptcha cookies before sending the form.\",\"currency_symbol\":\"\",\"beforeForm\":\"\",\"beforeFields\":\"\",\"afterFields\":\"\",\"afterForm\":\"\"};form.fields=[{\"objectType\":\"Field\",\"objectDomain\":\"fields\",\"editActive\":false,\"order\":1,\"type\":\"firstname\",\"label\":\"Imi\\u0119\",\"key\":\"imie_1579259642541\",\"label_pos\":\"above\",\"required\":1,\"default\":\"\",\"placeholder\":\"Podaj Imi\\u0119\",\"container_class\":\"\",\"element_class\":\"\",\"admin_label\":\"\",\"help_text\":\"\",\"custom_name_attribute\":\"fname\",\"personally_identifiable\":1,\"value\":\"\",\"drawerDisabled\":false,\"id\":17,\"beforeField\":\"\",\"afterField\":\"\",\"parentType\":\"firstname\",\"element_templates\":[\"firstname\",\"input\"],\"old_classname\":\"\",\"wrap_template\":\"wrap\"},{\"objectType\":\"Field\",\"objectDomain\":\"fields\",\"editActive\":false,\"order\":2,\"type\":\"email\",\"label\":\"E-mail\",\"key\":\"email_1579259553028\",\"label_pos\":\"above\",\"required\":1,\"default\":\"\",\"placeholder\":\"Podaj e-mail\",\"container_class\":\"\",\"element_class\":\"\",\"admin_label\":\"\",\"help_text\":\"\",\"custom_name_attribute\":\"email\",\"personally_identifiable\":1,\"value\":\"\",\"drawerDisabled\":false,\"id\":18,\"beforeField\":\"\",\"afterField\":\"\",\"parentType\":\"email\",\"element_templates\":[\"email\",\"input\"],\"old_classname\":\"\",\"wrap_template\":\"wrap\"},{\"objectType\":\"Field\",\"objectDomain\":\"fields\",\"editActive\":false,\"order\":3,\"type\":\"textarea\",\"label\":\"Wiadomo\\u015b\\u0107\",\"key\":\"wiadomosc_1579259738698\",\"label_pos\":\"above\",\"required\":1,\"default\":\"\",\"placeholder\":\"Wpisz wiadomo\\u015b\\u0107\",\"container_class\":\"\",\"element_class\":\"\",\"input_limit\":\"\",\"input_limit_type\":\"characters\",\"input_limit_msg\":\"Liczba pozosta\\u0142ych znak\\u00f3w:\",\"manual_key\":false,\"admin_label\":\"\",\"help_text\":\"\",\"textarea_rte\":\"\",\"disable_rte_mobile\":\"\",\"textarea_media\":\"\",\"value\":\"\",\"drawerDisabled\":false,\"id\":19,\"beforeField\":\"\",\"afterField\":\"\",\"parentType\":\"textarea\",\"element_templates\":[\"textarea\",\"input\"],\"old_classname\":\"\",\"wrap_template\":\"wrap\"},{\"objectType\":\"Field\",\"objectDomain\":\"fields\",\"editActive\":false,\"order\":9999,\"type\":\"submit\",\"label\":\"Wy\\u015blij\",\"processing_label\":\"Przetwarzanie\",\"container_class\":\"\",\"element_class\":\"\",\"key\":\"wyslij_1579260186690\",\"drawerDisabled\":false,\"id\":20,\"beforeField\":\"\",\"afterField\":\"\",\"value\":\"\",\"label_pos\":\"above\",\"parentType\":\"textbox\",\"element_templates\":[\"submit\",\"button\",\"input\"],\"old_classname\":\"\",\"wrap_template\":\"wrap-no-label\"}];nfForms.push(form);<\/script>\n        \n\n\n<p>Administratorem Pa\u0144stwa danych osobowych  jest O\u015brodek Profilaktyki i Terapii Uzale\u017cnie\u0144 Samodzielny Publiczny  Zak\u0142ad Opieki Zdrowotnej <a href=\"http:\/\/optu-wolomin.pl\/index.php\/obowiazek-informacyjny-przy-zapisywaniu-sie-na-kontakt-z-optu-spzoz-na-stronie-internetowej-https-optu-wolomin-pl-kontakt\/\">wi\u0119cej informacji<\/a><\/p>\n","protected":false},"excerpt":{"rendered":"<p>Rejestracjatelefon: (22) 776-44-88pon. &#8211; pt. w godz. 8.00-20.00 Sekretariattelefon: (22) 787-85-43 wew. 22pon. &#8211; pt. w godz. 7.00-15.00 e-mail: sekretariat@optu-wolomin.pl Siedzibaul. Powsta\u0144c\u00f3w 1205-200 Wo\u0142ominpowiat wo\u0142omi\u0144ski, woj. mazowieckie Poradnia Terapii Uzale\u017cnienia od Alkoholu i Wsp\u00f3\u0142uzale\u017cnieniaO\u015brodek czynny:pon. &#8211; pt. 08:00 &#8211; 20:00 Poradnia Terapii Uzale\u017cnienia od Substancji PsychoaktywnychO\u015brodek czynny:pon. &#8211; pt. 08:00 &#8211; 20:00 Poradnia Leczenia Uzale\u017cnie\u0144 [&hellip;]<\/p>\n","protected":false},"author":1,"featured_media":0,"parent":0,"menu_order":5,"comment_status":"closed","ping_status":"closed","template":"","meta":{"saved_in_kubio":false,"footnotes":""},"class_list":["post-19","page","type-page","status-publish","hentry"],"kubio_ai_page_context":{"short_desc":"","purpose":"general"},"_links":{"self":[{"href":"https:\/\/optu-wolomin.pl\/index.php\/wp-json\/wp\/v2\/pages\/19","targetHints":{"allow":["GET"]}}],"collection":[{"href":"https:\/\/optu-wolomin.pl\/index.php\/wp-json\/wp\/v2\/pages"}],"about":[{"href":"https:\/\/optu-wolomin.pl\/index.php\/wp-json\/wp\/v2\/types\/page"}],"author":[{"embeddable":true,"href":"https:\/\/optu-wolomin.pl\/index.php\/wp-json\/wp\/v2\/users\/1"}],"replies":[{"embeddable":true,"href":"https:\/\/optu-wolomin.pl\/index.php\/wp-json\/wp\/v2\/comments?post=19"}],"version-history":[{"count":68,"href":"https:\/\/optu-wolomin.pl\/index.php\/wp-json\/wp\/v2\/pages\/19\/revisions"}],"predecessor-version":[{"id":795,"href":"https:\/\/optu-wolomin.pl\/index.php\/wp-json\/wp\/v2\/pages\/19\/revisions\/795"}],"wp:attachment":[{"href":"https:\/\/optu-wolomin.pl\/index.php\/wp-json\/wp\/v2\/media?parent=19"}],"curies":[{"name":"wp","href":"https:\/\/api.w.org\/{rel}","templated":true}]}}