{"id":2,"date":"2019-11-15T11:25:16","date_gmt":"2019-11-15T10:25:16","guid":{"rendered":"http:\/\/beta.optu-wolomin.pl\/?page_id=2"},"modified":"2021-12-27T10:59:26","modified_gmt":"2021-12-27T09:59:26","slug":"zespol-terapeutyczny","status":"publish","type":"page","link":"https:\/\/optu-wolomin.pl\/index.php\/zespol-terapeutyczny\/","title":{"rendered":"Zesp\u00f3\u0142 terapeutyczny"},"content":{"rendered":"\n<p>W O\u015brodku Profilaktyki i Terapii Uzale\u017cnie\u0144 SPZOZ w Wo\u0142ominie pracuj\u0105:<\/p>\n\n\n\n<ul class=\"wp-block-list\"><li>certyfikowani psychoterapeuci uzale\u017cnie\u0144,<\/li><li>osoby b\u0119d\u0105ce w trakcie procesu certyfikacji,<\/li><li>psychiatrzy,<\/li><li>psycholodzy,<\/li><li>wolontariusze.<\/li><\/ul>\n\n\n\n<p><\/p>\n","protected":false},"excerpt":{"rendered":"<p>W O\u015brodku Profilaktyki i Terapii Uzale\u017cnie\u0144 SPZOZ w Wo\u0142ominie pracuj\u0105: certyfikowani psychoterapeuci uzale\u017cnie\u0144, osoby b\u0119d\u0105ce w trakcie procesu certyfikacji, psychiatrzy, psycholodzy, wolontariusze.<\/p>\n","protected":false},"author":1,"featured_media":0,"parent":0,"menu_order":4,"comment_status":"closed","ping_status":"closed","template":"","meta":{"saved_in_kubio":false,"footnotes":""},"class_list":["post-2","page","type-page","status-publish","hentry"],"kubio_ai_page_context":{"short_desc":"","purpose":"general"},"_links":{"self":[{"href":"https:\/\/optu-wolomin.pl\/index.php\/wp-json\/wp\/v2\/pages\/2","targetHints":{"allow":["GET"]}}],"collection":[{"href":"https:\/\/optu-wolomin.pl\/index.php\/wp-json\/wp\/v2\/pages"}],"about":[{"href":"https:\/\/optu-wolomin.pl\/index.php\/wp-json\/wp\/v2\/types\/page"}],"author":[{"embeddable":true,"href":"https:\/\/optu-wolomin.pl\/index.php\/wp-json\/wp\/v2\/users\/1"}],"replies":[{"embeddable":true,"href":"https:\/\/optu-wolomin.pl\/index.php\/wp-json\/wp\/v2\/comments?post=2"}],"version-history":[{"count":6,"href":"https:\/\/optu-wolomin.pl\/index.php\/wp-json\/wp\/v2\/pages\/2\/revisions"}],"predecessor-version":[{"id":552,"href":"https:\/\/optu-wolomin.pl\/index.php\/wp-json\/wp\/v2\/pages\/2\/revisions\/552"}],"wp:attachment":[{"href":"https:\/\/optu-wolomin.pl\/index.php\/wp-json\/wp\/v2\/media?parent=2"}],"curies":[{"name":"wp","href":"https:\/\/api.w.org\/{rel}","templated":true}]}}