{"id":511,"date":"2020-12-21T22:47:28","date_gmt":"2020-12-21T21:47:28","guid":{"rendered":"https:\/\/optu-wolomin.pl\/?page_id=511"},"modified":"2020-12-21T22:52:03","modified_gmt":"2020-12-21T21:52:03","slug":"deklaracja-dostepnosci","status":"publish","type":"page","link":"https:\/\/optu-wolomin.pl\/index.php\/deklaracja-dostepnosci\/","title":{"rendered":"Deklaracja dost\u0119pno\u015bci"},"content":{"rendered":"\n<p><strong>DEKLARACJA DOST\u0118PNO\u015aCI<\/strong><\/p>\n\n\n\n<p><strong>Dost\u0119pno\u015b\u0107 wej\u015bcia do budynku<\/strong><\/p>\n\n\n\n<ul class=\"wp-block-list\"><li>Do budynku dost\u0119pne jest jedno wej\u015bcie po schodach. Wej\u015bcie posiada podjazd dla os\u00f3b o ograniczonej mobilno\u015bci i os\u00f3b niepe\u0142nosprawnych.<\/li><li>Wej\u015bcie do pomieszcze\u0144 na parterze wymaga pokonania dw\u00f3ch stopni schod\u00f3w dlatego dla os\u00f3b na w\u00f3zkach inwalidzkich zapewnione s\u0105 szyny podjazdowe oraz wsparcie pracownik\u00f3w rejestracji.<\/li><li>Na drzwiach wej\u015bciowych zamontowany jest dzwonek.<\/li><\/ul>\n\n\n\n<p><strong>Dost\u0119pno\u015b\u0107 korytarzy, schod\u00f3w, wind.<\/strong><\/p>\n\n\n\n<ul class=\"wp-block-list\"><li>Dla os\u00f3b na w\u00f3zkach inwalidzkich niedost\u0119pne s\u0105 pomieszczenia na pi\u0119trze.<\/li><li>W budynku nie ma wind. Pacjenci o ograniczonej mobilno\u015bci obs\u0142ugiwani s\u0105 na parterze budynku. Na pi\u0119tro budynku prowadz\u0105 schody. Wykonano wizualne wyr\u00f3\u017cnienie pocz\u0105tku i ko\u0144ca wszystkich bieg\u00f3w schodowych.<\/li><li>Na parterze znajduje si\u0119 toaleta dla niepe\u0142nosprawnych.<\/li><li>W budynku nie funkcjonuj\u0105 obszary kontroli.<\/li><li>Przed ka\u017cdym ci\u0105giem schod\u00f3w umieszczone s\u0105 pola uwagi.<\/li><\/ul>\n\n\n\n<p><strong>Opis dostosowa\u0144 na przyk\u0142ad platform, informacji g\u0142osowych, p\u0119tli indukcyjnych<\/strong><\/p>\n\n\n\n<ul class=\"wp-block-list\"><li>Informacja o rozk\u0142adzie pomieszcze\u0144 w budynku zapewniona jest w spos\u00f3b wizualny (plansza).<\/li><li>Informacja g\u0142osowa jest dost\u0119pna poprzez wsparcie pracownika rejestracji.<\/li><li>Na drzwiach wej\u015bciowych oraz wewn\u0105trz (Rejestracja, Poradnie, Oddzia\u0142 Dzienny, Sekretariat) znajduj\u0105 si\u0119 tabliczki brajlowskie.<\/li><li>W budynku nie zastosowano p\u0119tli indukcyjnych do obs\u0142ugi os\u00f3b s\u0142abos\u0142ysz\u0105cych poniewa\u017c w pracy terapeutycznej nie s\u0105 wykorzystywane urz\u0105dzenia nag\u0142a\u015bniaj\u0105ce.<\/li><\/ul>\n\n\n\n<p><strong>Informacja o prawie wst\u0119pu z psem asystuj\u0105cym i ewentualnych uzasadnionych ograniczeniach.<\/strong><\/p>\n\n\n\n<p>Do budynku mo\u017cna wej\u015b\u0107 z psem asystuj\u0105cym i psem przewodnikiem.<\/p>\n\n\n\n<p><strong>Informacja o miejscu i sposobie korzystania z miejsc parkingowych wykorzystywanych dla os\u00f3b niepe\u0142nosprawnych.<\/strong><\/p>\n\n\n\n<p>Przy budynku od strony ul. Powsta\u0144c\u00f3w nie ma miejsc parkingowych. O\u015brodek jest w trakcie uzgadniania z Urz\u0119dem Miejskim w Wo\u0142ominie wyznaczenia miejsca parkingowego dla os\u00f3b niepe\u0142nosprawnych od strony UM (na ty\u0142ach budynku OPTU-SPZOZ).<\/p>\n\n\n\n<p><strong>Informacja o mo\u017cliwo\u015bci skorzystania z t\u0142umacza j\u0119zyka migowego na miejscu lub online<\/strong><\/p>\n\n\n\n<p>W budynku nie ma mo\u017cliwo\u015bci skorzystania z t\u0142umacza migowego.<\/p>\n\n\n\n<p><strong>Informacja dost\u0119pno\u015bci cyfrowej dla strony https:\/\/optu-wolomin.pl<\/strong><\/p>\n\n\n\n<ul class=\"wp-block-list\"><li>Strona https:\/\/optu-wolomin.pl jest cz\u0119\u015bciowo zgodna z ustaw\u0105 z dnia 4 kwietnia 2019 r. o dost\u0119pno\u015bci cyfrowej stron internetowych i aplikacji mobilnych podmiot\u00f3w publicznych z powodu niezgodno\u015bci lub wy\u0142\u0105cze\u0144 wymienionych poni\u017cej:<\/li><li>Zamieszczone na stronie https:\/\/optu-wolomin.pl informacje, w postaci artyku\u0142\u00f3w lub za\u0142\u0105cznik\u00f3w, nie s\u0105 dost\u0119pne cyfrowo w ca\u0142o\u015bci: zosta\u0142y opublikowane przed 2013 r. lub nie s\u0105 wykorzystywane do realizacji bie\u017c\u0105cych zada\u0144.<\/li><li>U\u0142atwienia na stronie https:\/\/optu-wolomin.pl<\/li><\/ul>\n\n\n\n<p>Strona udost\u0119pnia wtyczk\u0119 \u201eAccessibility by UserWay\u201d,kt\u00f3ra jest oprogramowaniem open source. Posiada nast\u0119puj\u0105ce u\u0142atwienia:<\/p>\n\n\n\n<p>&#8211; nawigacja klawiatur\u0105<\/p>\n\n\n\n<p>&#8211; czytanie strony (normalne, szybko, powoli)<\/p>\n\n\n\n<p>&#8211; kontrast (odwr\u00f3cone kolory, ciemny kontrast, lekki kontrast, brak kolor\u00f3w)<\/p>\n\n\n\n<p>&#8211; pod\u015bwietlanie link\u00f3w<\/p>\n\n\n\n<p>&#8211; powi\u0119kszanie tekstu (4 stopnie)<\/p>\n\n\n\n<p>&#8211; poszerzanie tekstu (lekkie, umiarkowane, du\u017ce)<\/p>\n\n\n\n<p>&#8211; zatrzymywanie animacji<\/p>\n\n\n\n<p>&#8211; zmiana czcionki<\/p>\n\n\n\n<p>&#8211; kursor, du\u017cy kursor, przewodnik do czytania<\/p>\n\n\n\n<p>&#8211; struktura strony (nag\u0142\u00f3wki, sekcje, linki)<\/p>\n\n\n\n<ul class=\"wp-block-list\"><li>Skr\u00f3ty klawiaturowe<\/li><\/ul>\n\n\n\n<p>Na stronie internetowej mo\u017cna u\u017cywa\u0107 standardowych skr\u00f3t\u00f3w klawiaturowych przegl\u0105darki.<\/p>\n\n\n\n<p>Ctrl + U wywo\u0142uje menu dost\u0119pno\u015bci<\/p>\n\n\n\n<ul class=\"wp-block-list\"><li>OPTU zobowi\u0105zuje si\u0119 zapewni\u0107 dost\u0119pno\u015b\u0107 swojej strony https:\/\/optu-wolomin.pl zgodnie z przepisami ustawy z dnia 4 kwietnia 2019 r. o dost\u0119pno\u015bci cyfrowej stron internetowych i aplikacji mobilnych podmiot\u00f3w publicznych.<\/li><\/ul>\n\n\n\n<p>Ka\u017cdy ma prawo do wyst\u0105pienia z \u017c\u0105daniem zapewnienia dost\u0119pno\u015bci cyfrowej strony internetowej, aplikacji mobilnej lub jakiego\u015b ich elementu. Mo\u017cna tak\u017ce za\u017c\u0105da\u0107 udost\u0119pnienia informacji za pomoc\u0105 alternatywnego sposobu dost\u0119pu, na przyk\u0142ad przez odczytanie niedost\u0119pnego cyfrowo dokumentu, opisanie zawarto\u015bci filmu bez audiodeskrypcji itp. \u017b\u0105danie powinno zawiera\u0107 dane osoby zg\u0142aszaj\u0105cej \u017c\u0105danie, wskazanie, o kt\u00f3r\u0105 stron\u0119 internetow\u0105 lub aplikacj\u0119 mobiln\u0105 chodzi oraz spos\u00f3b kontaktu. Je\u017celi osoba \u017c\u0105daj\u0105ca zg\u0142asza potrzeb\u0119 otrzymania informacji za pomoc\u0105 alternatywnego sposobu dost\u0119pu, powinna tak\u017ce okre\u015bli\u0107 dogodny dla niej spos\u00f3b przedstawienia tej informacji. Podmiot publiczny powinien zrealizowa\u0107 \u017c\u0105danie niezw\u0142ocznie, nie p\u00f3\u017aniej ni\u017c w ci\u0105gu 7 dni od dnia wyst\u0105pienia z \u017c\u0105daniem. Je\u017celi dotrzymanie tego terminu nie jest mo\u017cliwe, podmiot publiczny niezw\u0142ocznie informuje o tym wnosz\u0105cego \u017c\u0105danie, kiedy realizacja \u017c\u0105dania b\u0119dzie mo\u017cliwa, przy czym termin ten nie mo\u017ce by\u0107 d\u0142u\u017cszy ni\u017c 2 miesi\u0105ce od dnia wyst\u0105pienia z \u017c\u0105daniem. Je\u017celi zapewnienie dost\u0119pno\u015bci cyfrowej nie jest mo\u017cliwe, podmiot publiczny mo\u017ce zaproponowa\u0107 alternatywny spos\u00f3b dost\u0119pu do informacji. W przypadku, gdy podmiot publiczny odm\u00f3wi realizacji \u017c\u0105dania zapewnienia dost\u0119pno\u015bci lub alternatywnego sposobu dost\u0119pu do informacji, wnosz\u0105cy \u017c\u0105danie mo\u017cne z\u0142o\u017cy\u0107 skarg\u0119 w sprawie zapewniana dost\u0119pno\u015bci cyfrowej strony internetowej, aplikacji mobilnej lub elementu strony internetowej, lub aplikacji mobilnej. Po wyczerpaniu wskazanej wy\u017cej procedury mo\u017cna tak\u017ce z\u0142o\u017cy\u0107 wniosek do <a href=\"https:\/\/www.rpo.gov.pl\/content\/jak-zglosic-sie-do-rzecznika-praw-obywatelskich\" target=\"_blank\" rel=\"noreferrer noopener\">Rzecznika Praw Obywatelskich<\/a>.<\/p>\n\n\n\n<p><strong>Informacje zwrotne i dane kontaktowe: <\/strong>Uwagi o dost\u0119pno\u015bci cyfrowej prosz\u0119 kierowa\u0107 na adres e-mail: sekretariat@optu-wolomin.pl lub Tel. 22 787-85-43.<\/p>\n","protected":false},"excerpt":{"rendered":"<p>DEKLARACJA DOST\u0118PNO\u015aCI Dost\u0119pno\u015b\u0107 wej\u015bcia do budynku Do budynku dost\u0119pne jest jedno wej\u015bcie po schodach. Wej\u015bcie posiada podjazd dla os\u00f3b o ograniczonej mobilno\u015bci i os\u00f3b niepe\u0142nosprawnych. Wej\u015bcie do pomieszcze\u0144 na parterze wymaga pokonania dw\u00f3ch stopni schod\u00f3w dlatego dla os\u00f3b na w\u00f3zkach inwalidzkich zapewnione s\u0105 szyny podjazdowe oraz wsparcie pracownik\u00f3w rejestracji. Na drzwiach wej\u015bciowych zamontowany jest dzwonek. [&hellip;]<\/p>\n","protected":false},"author":1,"featured_media":0,"parent":0,"menu_order":0,"comment_status":"closed","ping_status":"closed","template":"","meta":{"saved_in_kubio":false,"footnotes":""},"class_list":["post-511","page","type-page","status-publish","hentry"],"kubio_ai_page_context":{"short_desc":"","purpose":"general"},"_links":{"self":[{"href":"https:\/\/optu-wolomin.pl\/index.php\/wp-json\/wp\/v2\/pages\/511","targetHints":{"allow":["GET"]}}],"collection":[{"href":"https:\/\/optu-wolomin.pl\/index.php\/wp-json\/wp\/v2\/pages"}],"about":[{"href":"https:\/\/optu-wolomin.pl\/index.php\/wp-json\/wp\/v2\/types\/page"}],"author":[{"embeddable":true,"href":"https:\/\/optu-wolomin.pl\/index.php\/wp-json\/wp\/v2\/users\/1"}],"replies":[{"embeddable":true,"href":"https:\/\/optu-wolomin.pl\/index.php\/wp-json\/wp\/v2\/comments?post=511"}],"version-history":[{"count":2,"href":"https:\/\/optu-wolomin.pl\/index.php\/wp-json\/wp\/v2\/pages\/511\/revisions"}],"predecessor-version":[{"id":516,"href":"https:\/\/optu-wolomin.pl\/index.php\/wp-json\/wp\/v2\/pages\/511\/revisions\/516"}],"wp:attachment":[{"href":"https:\/\/optu-wolomin.pl\/index.php\/wp-json\/wp\/v2\/media?parent=511"}],"curies":[{"name":"wp","href":"https:\/\/api.w.org\/{rel}","templated":true}]}}