{"id":668,"date":"2022-11-10T17:04:58","date_gmt":"2022-11-10T16:04:58","guid":{"rendered":"https:\/\/optu-wolomin.pl\/?page_id=668"},"modified":"2024-07-29T13:07:29","modified_gmt":"2024-07-29T12:07:29","slug":"swietlice","status":"publish","type":"page","link":"https:\/\/optu-wolomin.pl\/index.php\/swietlice\/","title":{"rendered":"\u015awietlice"},"content":{"rendered":"\n<p>Organem prowadz\u0105cym plac\u00f3wki wsparcia dziennego: \u015awietlic\u0119 \u015arodowiskow\u0105 nr 1, \u015awietlic\u0119 \u015arodowiskow\u0105 nr 2 jest O\u015brodek Profilaktyki i Terapii Uzale\u017cnie\u0144 \u2013 Samodzielny Publiczny Zak\u0142ad Opieki Zdrowotnej w Wo\u0142ominie (OPTU \u2013 SP), dla kt\u00f3rego organem tworz\u0105cym jest Gmina Wo\u0142omin.<\/p>\n\n\n\n<p>&nbsp;Plac\u00f3wki zapewniaj\u0105 dzieciom:<\/p>\n\n\n\n<ol style=\"list-style-type:lower-alpha\" class=\"wp-block-list\">\n<li>opiek\u0119 i wychowanie<\/li>\n\n\n\n<li>pomoc w nauce i odrabianiu lekcji<\/li>\n\n\n\n<li>organizacj\u0119 czasu wolnego, zabaw\u0119 i zaj\u0119cia sportowe oraz rozw\u00f3j zainteresowa\u0144<\/li>\n<\/ol>\n\n\n\n<p>Dla bezpiecze\u0144stwa pobytu i rozwoju dzieci w \u015bwietlicach obowi\u0105zuje regulamin oraz plan dnia. W planie dnia uwzgl\u0119dniony jest czas na pomoc w odrabianiu prac domowych oraz zaj\u0119cia tematyczne realizowane w czterech blokach tematycznych zgodnie z miesi\u0119cznym planem pracy. Dzieci bior\u0105 udzia\u0142 w zaj\u0119ciach: sportowych (ruchowych), plastycznych, socjoterapeutycznych oraz \u017cywego s\u0142owa. Dzieci s\u0105 wsp\u00f3\u0142gospodarzami \u015bwietlic poprzez wykonywanie dy\u017cur\u00f3w, samopomoc kole\u017ce\u0144sk\u0105 uczestnicz\u0105 w procesie organizacji \u017cycia \u015bwietlicy.<\/p>\n\n\n\n<p>Opr\u00f3cz codziennego trybu pracy \u015bwietlicy organizowane s\u0105 wyj\u015bcia i wycieczki o charakterze rekreacyjno \u2013 edukacyjnym oraz warsztaty stacjonarne.<\/p>\n\n\n\n<p>Dokumenty do pobrania:<br><\/p>\n\n\n\n<div class=\"wp-block-file\"><a id=\"wp-block-file--media-dd3ea416-37cb-4bd0-af95-64d6e1ab1fd8\" href=\"https:\/\/optu-wolomin.pl\/wp-content\/uploads\/2024\/07\/STANDARDY-OCHRONY-DZIECI-OPTU.pdf\">STANDARDY OCHRONY  DZIECI OPTU<\/a><a href=\"https:\/\/optu-wolomin.pl\/wp-content\/uploads\/2024\/07\/STANDARDY-OCHRONY-DZIECI-OPTU.pdf\" class=\"wp-block-file__button wp-element-button\" download aria-describedby=\"wp-block-file--media-dd3ea416-37cb-4bd0-af95-64d6e1ab1fd8\">Pobierz<\/a><\/div>\n\n\n\n<p><\/p>\n\n\n\n<p><strong>\u015awietlica \u015arodowiskowa nr 1<\/strong> mie\u015bci si\u0119 przy ul. Mieszka I 16 (nr tel. 784&nbsp;671&nbsp;245)<br><\/p>\n\n\n\n<figure class=\"wp-block-gallery has-nested-images columns-default is-cropped wp-block-gallery-1 is-layout-flex wp-block-gallery-is-layout-flex\">\n<figure class=\"wp-block-image size-large\"><img loading=\"lazy\" decoding=\"async\" width=\"675\" height=\"506\" data-id=\"670\" src=\"https:\/\/optu-wolomin.pl\/wp-content\/uploads\/2022\/11\/Obraz1.jpg\" alt=\"\" class=\"wp-image-670\" srcset=\"https:\/\/optu-wolomin.pl\/wp-content\/uploads\/2022\/11\/Obraz1.jpg 675w, https:\/\/optu-wolomin.pl\/wp-content\/uploads\/2022\/11\/Obraz1-300x225.jpg 300w\" sizes=\"(max-width: 675px) 100vw, 675px\" \/><\/figure>\n\n\n\n<figure class=\"wp-block-image size-large\"><img loading=\"lazy\" decoding=\"async\" width=\"671\" height=\"503\" data-id=\"671\" src=\"https:\/\/optu-wolomin.pl\/wp-content\/uploads\/2022\/11\/Obraz2-1.jpg\" alt=\"\" class=\"wp-image-671\" srcset=\"https:\/\/optu-wolomin.pl\/wp-content\/uploads\/2022\/11\/Obraz2-1.jpg 671w, https:\/\/optu-wolomin.pl\/wp-content\/uploads\/2022\/11\/Obraz2-1-300x225.jpg 300w\" sizes=\"(max-width: 671px) 100vw, 671px\" \/><\/figure>\n<figcaption class=\"blocks-gallery-caption wp-element-caption\"><sup>Zaj\u0119cia plastyczne \u201eJesienne sowy\u201d<\/sup><\/figcaption><\/figure>\n\n\n\n<p><\/p>\n\n\n\n<figure class=\"wp-block-gallery has-nested-images columns-default is-cropped wp-block-gallery-2 is-layout-flex wp-block-gallery-is-layout-flex\">\n<figure class=\"wp-block-image size-large\"><img loading=\"lazy\" decoding=\"async\" width=\"942\" height=\"707\" data-id=\"673\" src=\"https:\/\/optu-wolomin.pl\/wp-content\/uploads\/2022\/11\/Obraz3.jpg\" alt=\"\" class=\"wp-image-673\" srcset=\"https:\/\/optu-wolomin.pl\/wp-content\/uploads\/2022\/11\/Obraz3.jpg 942w, https:\/\/optu-wolomin.pl\/wp-content\/uploads\/2022\/11\/Obraz3-300x225.jpg 300w, https:\/\/optu-wolomin.pl\/wp-content\/uploads\/2022\/11\/Obraz3-768x576.jpg 768w\" sizes=\"(max-width: 942px) 100vw, 942px\" \/><\/figure>\n<figcaption class=\"blocks-gallery-caption wp-element-caption\"><sup>Sala wypoczynkowa<\/sup><\/figcaption><\/figure>\n\n\n\n<p><\/p>\n\n\n\n<p><strong>\u015awietlica \u015arodowiskowa nr 2<\/strong> mie\u015bci si\u0119 przy ul. Kurkowej 35 (nr tel. 784&nbsp;671&nbsp;580)<\/p>\n\n\n\n<figure class=\"wp-block-gallery has-nested-images columns-default is-cropped wp-block-gallery-3 is-layout-flex wp-block-gallery-is-layout-flex\">\n<figure class=\"wp-block-image size-large\"><img loading=\"lazy\" decoding=\"async\" width=\"950\" height=\"712\" data-id=\"674\" src=\"https:\/\/optu-wolomin.pl\/wp-content\/uploads\/2022\/11\/Obraz4.jpg\" alt=\"\" class=\"wp-image-674\" srcset=\"https:\/\/optu-wolomin.pl\/wp-content\/uploads\/2022\/11\/Obraz4.jpg 950w, https:\/\/optu-wolomin.pl\/wp-content\/uploads\/2022\/11\/Obraz4-300x225.jpg 300w, https:\/\/optu-wolomin.pl\/wp-content\/uploads\/2022\/11\/Obraz4-768x576.jpg 768w\" sizes=\"(max-width: 950px) 100vw, 950px\" \/><\/figure>\n<\/figure>\n\n\n\n<figure class=\"wp-block-gallery has-nested-images columns-default is-cropped wp-block-gallery-4 is-layout-flex wp-block-gallery-is-layout-flex\">\n<figure class=\"wp-block-image size-large\"><img loading=\"lazy\" decoding=\"async\" width=\"1024\" height=\"768\" data-id=\"689\" src=\"https:\/\/optu-wolomin.pl\/wp-content\/uploads\/2022\/11\/IMG_20221003_171842-1024x768.jpg\" alt=\"\" class=\"wp-image-689\" srcset=\"https:\/\/optu-wolomin.pl\/wp-content\/uploads\/2022\/11\/IMG_20221003_171842-1024x768.jpg 1024w, https:\/\/optu-wolomin.pl\/wp-content\/uploads\/2022\/11\/IMG_20221003_171842-300x225.jpg 300w, https:\/\/optu-wolomin.pl\/wp-content\/uploads\/2022\/11\/IMG_20221003_171842-768x576.jpg 768w, https:\/\/optu-wolomin.pl\/wp-content\/uploads\/2022\/11\/IMG_20221003_171842-1536x1152.jpg 1536w, https:\/\/optu-wolomin.pl\/wp-content\/uploads\/2022\/11\/IMG_20221003_171842-2048x1536.jpg 2048w\" sizes=\"(max-width: 1024px) 100vw, 1024px\" \/><\/figure>\n\n\n\n<figure class=\"wp-block-image size-large\"><img loading=\"lazy\" decoding=\"async\" width=\"768\" height=\"1024\" data-id=\"690\" src=\"https:\/\/optu-wolomin.pl\/wp-content\/uploads\/2022\/11\/IMG_20221007_154330-768x1024.jpg\" alt=\"\" class=\"wp-image-690\" srcset=\"https:\/\/optu-wolomin.pl\/wp-content\/uploads\/2022\/11\/IMG_20221007_154330-768x1024.jpg 768w, https:\/\/optu-wolomin.pl\/wp-content\/uploads\/2022\/11\/IMG_20221007_154330-225x300.jpg 225w, https:\/\/optu-wolomin.pl\/wp-content\/uploads\/2022\/11\/IMG_20221007_154330-1152x1536.jpg 1152w, https:\/\/optu-wolomin.pl\/wp-content\/uploads\/2022\/11\/IMG_20221007_154330-1536x2048.jpg 1536w, https:\/\/optu-wolomin.pl\/wp-content\/uploads\/2022\/11\/IMG_20221007_154330-scaled.jpg 1920w\" sizes=\"(max-width: 768px) 100vw, 768px\" \/><\/figure>\n<\/figure>\n\n\n\n<p>Zaj\u0119cia plastyczne \u201eBarwy jesieni\u201d<\/p>\n\n\n\n<p><\/p>\n\n\n\n<figure class=\"wp-block-gallery has-nested-images columns-default is-cropped wp-block-gallery-5 is-layout-flex wp-block-gallery-is-layout-flex\">\n<figure class=\"wp-block-image size-large\"><img loading=\"lazy\" decoding=\"async\" width=\"625\" height=\"834\" data-id=\"675\" src=\"https:\/\/optu-wolomin.pl\/wp-content\/uploads\/2022\/11\/Obraz6.jpg\" alt=\"\" class=\"wp-image-675\" srcset=\"https:\/\/optu-wolomin.pl\/wp-content\/uploads\/2022\/11\/Obraz6.jpg 625w, https:\/\/optu-wolomin.pl\/wp-content\/uploads\/2022\/11\/Obraz6-225x300.jpg 225w\" sizes=\"(max-width: 625px) 100vw, 625px\" \/><\/figure>\n\n\n\n<figure class=\"wp-block-image size-large\"><img loading=\"lazy\" decoding=\"async\" width=\"628\" height=\"837\" data-id=\"676\" src=\"https:\/\/optu-wolomin.pl\/wp-content\/uploads\/2022\/11\/Obraz5.jpg\" alt=\"\" class=\"wp-image-676\" srcset=\"https:\/\/optu-wolomin.pl\/wp-content\/uploads\/2022\/11\/Obraz5.jpg 628w, https:\/\/optu-wolomin.pl\/wp-content\/uploads\/2022\/11\/Obraz5-225x300.jpg 225w\" sizes=\"(max-width: 628px) 100vw, 628px\" \/><\/figure>\n<figcaption class=\"blocks-gallery-caption wp-element-caption\"><sup>Zwiedzanie izby muzealnej OSiR Huragan oraz lekcja muzealna w Muzeum Zofii i Wac\u0142awa Na\u0142kowskich w Wo\u0142ominie.<\/sup><\/figcaption><\/figure>\n\n\n\n<p><\/p>\n","protected":false},"excerpt":{"rendered":"<p>Organem prowadz\u0105cym plac\u00f3wki wsparcia dziennego: \u015awietlic\u0119 \u015arodowiskow\u0105 nr 1, \u015awietlic\u0119 \u015arodowiskow\u0105 nr 2 jest O\u015brodek Profilaktyki i Terapii Uzale\u017cnie\u0144 \u2013 Samodzielny Publiczny Zak\u0142ad Opieki Zdrowotnej w Wo\u0142ominie (OPTU \u2013 SP), dla kt\u00f3rego organem tworz\u0105cym jest Gmina Wo\u0142omin. &nbsp;Plac\u00f3wki zapewniaj\u0105 dzieciom: Dla bezpiecze\u0144stwa pobytu i rozwoju dzieci w \u015bwietlicach obowi\u0105zuje regulamin oraz plan dnia. W planie [&hellip;]<\/p>\n","protected":false},"author":1,"featured_media":0,"parent":0,"menu_order":0,"comment_status":"closed","ping_status":"closed","template":"","meta":{"saved_in_kubio":false,"footnotes":""},"class_list":["post-668","page","type-page","status-publish","hentry"],"kubio_ai_page_context":{"short_desc":"","purpose":"general"},"_links":{"self":[{"href":"https:\/\/optu-wolomin.pl\/index.php\/wp-json\/wp\/v2\/pages\/668","targetHints":{"allow":["GET"]}}],"collection":[{"href":"https:\/\/optu-wolomin.pl\/index.php\/wp-json\/wp\/v2\/pages"}],"about":[{"href":"https:\/\/optu-wolomin.pl\/index.php\/wp-json\/wp\/v2\/types\/page"}],"author":[{"embeddable":true,"href":"https:\/\/optu-wolomin.pl\/index.php\/wp-json\/wp\/v2\/users\/1"}],"replies":[{"embeddable":true,"href":"https:\/\/optu-wolomin.pl\/index.php\/wp-json\/wp\/v2\/comments?post=668"}],"version-history":[{"count":15,"href":"https:\/\/optu-wolomin.pl\/index.php\/wp-json\/wp\/v2\/pages\/668\/revisions"}],"predecessor-version":[{"id":967,"href":"https:\/\/optu-wolomin.pl\/index.php\/wp-json\/wp\/v2\/pages\/668\/revisions\/967"}],"wp:attachment":[{"href":"https:\/\/optu-wolomin.pl\/index.php\/wp-json\/wp\/v2\/media?parent=668"}],"curies":[{"name":"wp","href":"https:\/\/api.w.org\/{rel}","templated":true}]}}