{"id":91,"date":"2020-01-08T21:44:43","date_gmt":"2020-01-08T20:44:43","guid":{"rendered":"http:\/\/beta.optu-wolomin.pl\/?page_id=91"},"modified":"2020-05-13T12:04:53","modified_gmt":"2020-05-13T11:04:53","slug":"obowiazek-informacyjny-przy-zapisywaniu-sie-na-kontakt-z-optu-spzoz-na-stronie-internetowej-https-optu-wolomin-pl-kontakt","status":"publish","type":"page","link":"https:\/\/optu-wolomin.pl\/index.php\/obowiazek-informacyjny-przy-zapisywaniu-sie-na-kontakt-z-optu-spzoz-na-stronie-internetowej-https-optu-wolomin-pl-kontakt\/","title":{"rendered":"Obowi\u0105zek informacyjny"},"content":{"rendered":"\n<p><strong> \u2013 przy zapisywaniu si\u0119 na kontakt z OPTU SPZOZ na stronie internetowej https:\/\/optu-wolomin.pl\/kontakt<\/strong><br><br>Administratorem Pa\u0144stwa danych osobowych jest O\u015brodek Profilaktyki i Terapii Uzale\u017cnie\u0144 Samodzielny Publiczny Zak\u0142ad Opieki Zdrowotnej z siedzib\u0105 w Wo\u0142ominie (05-200 Wo\u0142omin), przy ulicy ul. Powsta\u0144c\u00f3w 12 zwany dalej \u201eOPTU SPZOZ\u201d<\/p>\n\n\n\n<p class=\"has-text-align-left\">Inspektorem ochrony danych jest Marek Pi\u00f3ro, CISA, CISM, CGEIT, CRISC. Mo\u017cna si\u0119 z nim kontaktowa\u0107 poczt\u0105 elektroniczn\u0105 pod adresem  e-mail <a href=\"mailto:iod@optu-wolomin.pl\">iod@optu-wolomin.pl<\/a> lub poczt\u0105 tradycyjn\u0105 pisz\u0105c na adres firmy.<\/p>\n\n\n\n<p>Pa\u0144stwa dane osobowe\npozyskane w zwi\u0105zku z wype\u0142nieniem formularza do kontaktu, b\u0119d\u0105\nprzetwarzane w celu skontaktowania si\u0119 z Pa\u0144stwem. Podstawa prawna\nprzetwarzania Pa\u0144stwa danych b\u0119dzie niezb\u0119dno\u015b\u0107 do wykonania\numowy lub do podj\u0119cia dzia\u0142a\u0144 na Pa\u0144stwa \u017c\u0105danie przed\nzawarciem umowy oraz niezb\u0119dno\u015b\u0107 do cel\u00f3w wynikaj\u0105cych z&nbsp;prawnie\nuzasadnionych interes\u00f3w realizowanych przez administratora np.\njakich jak udzielania odpowiedzi na Pa\u0144stwa pisma i wnioski<\/p>\n\n\n\n<p>Pa\u0144stwa dane nie b\u0119d\u0105\nprzekazywane innym podmiotom, jak r\u00f3wnie\u017c nie b\u0119d\u0105 przekazane do\npa\u0144stw trzecich. Okres przetwarzania Pa\u0144stwa danych osobowych \u2013\ndo uzyskania sprzeciwu lub \u017c\u0105dania usuni\u0119cia danych. \n<\/p>\n\n\n\n<p>Maj\u0105 Pa\u0144stwo prawo do\ncofni\u0119cia wyra\u017conej zgody w&nbsp;dowolnym momencie. Wycofanie zgody\nnie ma wp\u0142ywu na zgodno\u015b\u0107 z&nbsp;prawem przetwarzania Pa\u0144stwa\ndanych, kt\u00f3rego dokonano na podstawie udzielonej zgody przed jej\ncofni\u0119ciem. Ponadto, informujemy, \u017ce maj\u0105 Pa\u0144stwa prawo do \n<\/p>\n\n\n\n<ol class=\"wp-block-list\"><li>\u017c\u0105dania dost\u0119pu do danych osobowych dotycz\u0105cych Pa\u0144stwa<\/li><li>sprostowania danych, <\/li><li>\u017c\u0105dania uzupe\u0142nienia niekompletnych danych osobowych, w tym poprzez przedstawienie dodatkowego o\u015bwiadczenia,<\/li><li>usuni\u0119cia danych lub ograniczenia przetwarzania<\/li><li>wniesienia sprzeciwu wobec dalszego przetwarzania Pa\u0144stwa danych osobowych<\/li><li>przeniesienia Pa\u0144stwa danych osobowych  <\/li><\/ol>\n\n\n\n<div style=\"height:22px\" aria-hidden=\"true\" class=\"wp-block-spacer\"><\/div>\n\n\n\n<p>W przypadku w\u0105tpliwo\u015bci co do prawid\u0142owo\u015bci przetwarzania Pa\u0144stwa danych osobowych przez OPTU SPZOZ maj\u0105 Pa\u0144stwo prawo wniesienia skargi do organu nadzorczego. OPTU SPZOZ nie korzysta z system\u00f3w s\u0142u\u017c\u0105cych do zautomatyzowanego podejmowania decyzji.<\/p>\n\n\n\n<p>Wszelk\u0105\nkorespondencj\u0119 w sprawach zwi\u0105zanych z przetwarzaniem Pa\u0144stwa\ndanych osobowych prosimy kierowa\u0107 na adres Administratora z\ndopiskiem &#8222;Dane osobowe&#8221; lub na skrzynk\u0119\n<a href=\"mailto:iod@optu-wolomin.pl\">iod@optu-wolomin.pl<\/a>\n<\/p>\n","protected":false},"excerpt":{"rendered":"<p>\u2013 przy zapisywaniu si\u0119 na kontakt z OPTU SPZOZ na stronie internetowej https:\/\/optu-wolomin.pl\/kontakt Administratorem Pa\u0144stwa danych osobowych jest O\u015brodek Profilaktyki i Terapii Uzale\u017cnie\u0144 Samodzielny Publiczny Zak\u0142ad Opieki Zdrowotnej z siedzib\u0105 w Wo\u0142ominie (05-200 Wo\u0142omin), przy ulicy ul. Powsta\u0144c\u00f3w 12 zwany dalej \u201eOPTU SPZOZ\u201d Inspektorem ochrony danych jest Marek Pi\u00f3ro, CISA, CISM, CGEIT, CRISC. Mo\u017cna si\u0119 [&hellip;]<\/p>\n","protected":false},"author":1,"featured_media":0,"parent":0,"menu_order":0,"comment_status":"closed","ping_status":"closed","template":"","meta":{"saved_in_kubio":false,"footnotes":""},"class_list":["post-91","page","type-page","status-publish","hentry"],"kubio_ai_page_context":{"short_desc":"","purpose":"general"},"_links":{"self":[{"href":"https:\/\/optu-wolomin.pl\/index.php\/wp-json\/wp\/v2\/pages\/91","targetHints":{"allow":["GET"]}}],"collection":[{"href":"https:\/\/optu-wolomin.pl\/index.php\/wp-json\/wp\/v2\/pages"}],"about":[{"href":"https:\/\/optu-wolomin.pl\/index.php\/wp-json\/wp\/v2\/types\/page"}],"author":[{"embeddable":true,"href":"https:\/\/optu-wolomin.pl\/index.php\/wp-json\/wp\/v2\/users\/1"}],"replies":[{"embeddable":true,"href":"https:\/\/optu-wolomin.pl\/index.php\/wp-json\/wp\/v2\/comments?post=91"}],"version-history":[{"count":11,"href":"https:\/\/optu-wolomin.pl\/index.php\/wp-json\/wp\/v2\/pages\/91\/revisions"}],"predecessor-version":[{"id":484,"href":"https:\/\/optu-wolomin.pl\/index.php\/wp-json\/wp\/v2\/pages\/91\/revisions\/484"}],"wp:attachment":[{"href":"https:\/\/optu-wolomin.pl\/index.php\/wp-json\/wp\/v2\/media?parent=91"}],"curies":[{"name":"wp","href":"https:\/\/api.w.org\/{rel}","templated":true}]}}