{"id":918,"date":"2024-07-24T11:09:42","date_gmt":"2024-07-24T10:09:42","guid":{"rendered":"https:\/\/optu-wolomin.pl\/?page_id=918"},"modified":"2024-07-24T11:19:49","modified_gmt":"2024-07-24T10:19:49","slug":"dla-pacjentow","status":"publish","type":"page","link":"https:\/\/optu-wolomin.pl\/index.php\/dla-pacjentow\/","title":{"rendered":"Dla pacjent\u00f3w"},"content":{"rendered":"\n<div class=\"wp-block-group\"><div class=\"wp-block-group__inner-container is-layout-constrained wp-block-group-is-layout-constrained\">\n<div class=\"wp-block-group\"><div class=\"wp-block-group__inner-container is-layout-constrained wp-block-group-is-layout-constrained\">\n<p>Dokumenty do pobrania i podpisania dla pacjent\u00f3w kt\u00f3rzy po raz pierwszy  zg\u0142aszaj\u0105 si\u0119 do O\u015brodka Profilaktyki i Terapii Uzale\u017cnie\u0144 SPZOZ w  Wo\u0142ominie. <\/p>\n\n\n\n<div class=\"wp-block-file\"><a href=\"https:\/\/optu-wolomin.pl\/wp-content\/uploads\/2020\/12\/Oznaczenie-swiadczeniodawcy-oswiadczenie-na-strone.pdf\">O\u015bwiadczenie<\/a><a href=\"https:\/\/optu-wolomin.pl\/wp-content\/uploads\/2020\/12\/Oznaczenie-swiadczeniodawcy-oswiadczenie-na-strone.pdf\" class=\"wp-block-file__button wp-element-button\" download>Pobierz<\/a><\/div>\n\n\n\n<div class=\"wp-block-file\"><a href=\"http:\/\/optu-wolomin.pl\/wp-content\/uploads\/2020\/03\/Zgoda-na-leczenie.pdf\">Zgoda-na-leczenie<\/a><a href=\"http:\/\/optu-wolomin.pl\/wp-content\/uploads\/2020\/03\/Zgoda-na-leczenie.pdf\" class=\"wp-block-file__button wp-element-button\" download>Pobierz<\/a><\/div>\n\n\n\n<div class=\"wp-block-file\"><a href=\"https:\/\/optu-wolomin.pl\/wp-content\/uploads\/2020\/11\/zgoda-pacjent\u00f3w-nowa.docx\">Zgoda na uczestnictwo w terapii grupowej z wykorzystaniem system\u00f3w teleinformatycznych<\/a><a href=\"https:\/\/optu-wolomin.pl\/wp-content\/uploads\/2020\/11\/zgoda-pacjent\u00f3w-nowa.docx\" class=\"wp-block-file__button wp-element-button\" download>Pobierz<\/a><\/div>\n\n\n\n<div class=\"wp-block-file\"><a href=\"http:\/\/optu-wolomin.pl\/wp-content\/uploads\/2020\/03\/Zgoda-na-przetwarzanie-danych-osobowych.pdf\">Zgoda-na-przetwarzanie-danych-osobowych<\/a><a href=\"http:\/\/optu-wolomin.pl\/wp-content\/uploads\/2020\/03\/Zgoda-na-przetwarzanie-danych-osobowych.pdf\" class=\"wp-block-file__button wp-element-button\" download>Pobierz<\/a><\/div>\n\n\n\n<div class=\"wp-block-file\"><a href=\"http:\/\/optu-wolomin.pl\/wp-content\/uploads\/2020\/03\/Informacja-RODO.pdf\">Informacja-RODO<\/a><a href=\"http:\/\/optu-wolomin.pl\/wp-content\/uploads\/2020\/03\/Informacja-RODO.pdf\" class=\"wp-block-file__button wp-element-button\" download>Pobierz<\/a><\/div>\n\n\n\n<div class=\"wp-block-file\"><a href=\"http:\/\/optu-wolomin.pl\/wp-content\/uploads\/2020\/04\/Zgoda-Rodzica.pdf\">Zgoda-Rodzica<\/a><a href=\"http:\/\/optu-wolomin.pl\/wp-content\/uploads\/2020\/04\/Zgoda-Rodzica.pdf\" class=\"wp-block-file__button wp-element-button\" download>Pobierz<\/a><\/div>\n\n\n\n<p>Osoby chc\u0105ce podj\u0105\u0107 terapi\u0119 w Oddziale Dziennym powinny dostarczy\u0107 do O\u015brodka nast\u0119puj\u0105ce dokumenty:<\/p>\n\n\n\n<div class=\"wp-block-file\"><a href=\"http:\/\/optu-wolomin.pl\/wp-content\/uploads\/2020\/04\/kontrakt-Oddzia\u0142u-Dziennego.pdf\">kontrakt-Oddzia\u0142u-Dziennego<\/a><a href=\"http:\/\/optu-wolomin.pl\/wp-content\/uploads\/2020\/04\/kontrakt-Oddzia\u0142u-Dziennego.pdf\" class=\"wp-block-file__button wp-element-button\" download>Pobierz<\/a><\/div>\n\n\n\n<div class=\"wp-block-file\"><a href=\"http:\/\/optu-wolomin.pl\/wp-content\/uploads\/2020\/04\/O\u015bwiadczenie-do-Oddzia\u0142u-Dziennego.pdf\">O\u015bwiadczenie-do-Oddzia\u0142u-Dziennego<\/a><a href=\"http:\/\/optu-wolomin.pl\/wp-content\/uploads\/2020\/04\/O\u015bwiadczenie-do-Oddzia\u0142u-Dziennego.pdf\" class=\"wp-block-file__button wp-element-button\" download>Pobierz<\/a><\/div>\n\n\n\n<div class=\"wp-block-file\"><a href=\"http:\/\/optu-wolomin.pl\/wp-content\/uploads\/2020\/04\/Zgoda-na-leczenie-OD.pdf\">Zgoda-na-leczenie-OD<\/a><a href=\"http:\/\/optu-wolomin.pl\/wp-content\/uploads\/2020\/04\/Zgoda-na-leczenie-OD.pdf\" class=\"wp-block-file__button wp-element-button\" download>Pobierz<\/a><\/div>\n\n\n\n<div class=\"wp-block-file\"><a href=\"https:\/\/optu-wolomin.pl\/wp-content\/uploads\/2020\/11\/zgoda-pacjent\u00f3w-nowa-1.docx\">Zgoda na uczestnictwo w terapii grupowej z wykorzystaniem system\u00f3w teleinformatycznych<\/a><a href=\"https:\/\/optu-wolomin.pl\/wp-content\/uploads\/2020\/11\/zgoda-pacjent\u00f3w-nowa-1.docx\" class=\"wp-block-file__button wp-element-button\" download>Pobierz<\/a><\/div>\n\n\n\n<div class=\"wp-block-file\"><a href=\"http:\/\/optu-wolomin.pl\/wp-content\/uploads\/2020\/04\/INFORMATOR-dla-pacjenta.pdf\">INFORMATOR-dla-pacjenta<\/a><a href=\"http:\/\/optu-wolomin.pl\/wp-content\/uploads\/2020\/04\/INFORMATOR-dla-pacjenta.pdf\" class=\"wp-block-file__button wp-element-button\" download>Pobierz<\/a><\/div>\n\n\n\n<div class=\"wp-block-file\"><a href=\"http:\/\/optu-wolomin.pl\/wp-content\/uploads\/2020\/04\/Zasady-grupowe.pdf\">Zasady-grupowe<\/a><a href=\"http:\/\/optu-wolomin.pl\/wp-content\/uploads\/2020\/04\/Zasady-grupowe.pdf\" class=\"wp-block-file__button wp-element-button\" download>Pobierz<\/a><\/div>\n\n\n\n<div class=\"wp-block-file\"><a href=\"http:\/\/optu-wolomin.pl\/wp-content\/uploads\/2020\/04\/dzienniczek-g\u0142odu-alkoh..pdf\">dzienniczek-g\u0142odu-alkoh.<\/a><a href=\"http:\/\/optu-wolomin.pl\/wp-content\/uploads\/2020\/04\/dzienniczek-g\u0142odu-alkoh..pdf\" class=\"wp-block-file__button wp-element-button\" download>Pobierz<\/a><\/div>\n\n\n\n<p><em>Dokumenty (dzienniczek g\u0142odu alkoholowego, zasady grupowe, informator dla pacjenta) s\u0105 przeznaczone dla pacjenta do u\u017cytku w\u0142asnego w domu.<\/em><\/p>\n<\/div><\/div>\n<\/div><\/div>\n","protected":false},"excerpt":{"rendered":"<p>Dokumenty do pobrania i podpisania dla pacjent\u00f3w kt\u00f3rzy po raz pierwszy zg\u0142aszaj\u0105 si\u0119 do O\u015brodka Profilaktyki i Terapii Uzale\u017cnie\u0144 SPZOZ w Wo\u0142ominie. Osoby chc\u0105ce podj\u0105\u0107 terapi\u0119 w Oddziale Dziennym powinny dostarczy\u0107 do O\u015brodka nast\u0119puj\u0105ce dokumenty: Dokumenty (dzienniczek g\u0142odu alkoholowego, zasady grupowe, informator dla pacjenta) s\u0105 przeznaczone dla pacjenta do u\u017cytku w\u0142asnego w domu.<\/p>\n","protected":false},"author":1,"featured_media":0,"parent":0,"menu_order":0,"comment_status":"closed","ping_status":"closed","template":"","meta":{"saved_in_kubio":false,"footnotes":""},"class_list":["post-918","page","type-page","status-publish","hentry"],"kubio_ai_page_context":{"short_desc":"","purpose":"general"},"_links":{"self":[{"href":"https:\/\/optu-wolomin.pl\/index.php\/wp-json\/wp\/v2\/pages\/918","targetHints":{"allow":["GET"]}}],"collection":[{"href":"https:\/\/optu-wolomin.pl\/index.php\/wp-json\/wp\/v2\/pages"}],"about":[{"href":"https:\/\/optu-wolomin.pl\/index.php\/wp-json\/wp\/v2\/types\/page"}],"author":[{"embeddable":true,"href":"https:\/\/optu-wolomin.pl\/index.php\/wp-json\/wp\/v2\/users\/1"}],"replies":[{"embeddable":true,"href":"https:\/\/optu-wolomin.pl\/index.php\/wp-json\/wp\/v2\/comments?post=918"}],"version-history":[{"count":9,"href":"https:\/\/optu-wolomin.pl\/index.php\/wp-json\/wp\/v2\/pages\/918\/revisions"}],"predecessor-version":[{"id":932,"href":"https:\/\/optu-wolomin.pl\/index.php\/wp-json\/wp\/v2\/pages\/918\/revisions\/932"}],"wp:attachment":[{"href":"https:\/\/optu-wolomin.pl\/index.php\/wp-json\/wp\/v2\/media?parent=918"}],"curies":[{"name":"wp","href":"https:\/\/api.w.org\/{rel}","templated":true}]}}