{"id":983,"date":"2025-03-06T12:04:08","date_gmt":"2025-03-06T11:04:08","guid":{"rendered":"https:\/\/optu-wolomin.pl\/?page_id=983"},"modified":"2025-03-06T12:04:08","modified_gmt":"2025-03-06T11:04:08","slug":"misja-optu","status":"publish","type":"page","link":"https:\/\/optu-wolomin.pl\/index.php\/misja-optu\/","title":{"rendered":"Misja OPTU"},"content":{"rendered":"\n<p>Misj\u0105 OPTU jest ratowanie \u017cycia osobom doznaj\u0105cym szk\u00f3d zwi\u0105zanych z nadu\u017cywaniem alkoholu i \u015brodk\u00f3w psychoaktywnych oraz niesienie pomocy cz\u0142onkom ich rodzin, zw\u0142aszcza dzieciom. Pomagamy r\u00f3wnie\u017c osobom dotkni\u0119tym uzale\u017cnieniami behawioralnymi. Nasz metody oddzia\u0142ywania to terapia indywidualna i grupowa.<\/p>\n","protected":false},"excerpt":{"rendered":"<p>Misj\u0105 OPTU jest ratowanie \u017cycia osobom doznaj\u0105cym szk\u00f3d zwi\u0105zanych z nadu\u017cywaniem alkoholu i \u015brodk\u00f3w psychoaktywnych oraz niesienie pomocy cz\u0142onkom ich rodzin, zw\u0142aszcza dzieciom. Pomagamy r\u00f3wnie\u017c osobom dotkni\u0119tym uzale\u017cnieniami behawioralnymi. Nasz metody oddzia\u0142ywania to terapia indywidualna i grupowa.<\/p>\n","protected":false},"author":1,"featured_media":0,"parent":0,"menu_order":0,"comment_status":"closed","ping_status":"closed","template":"","meta":{"saved_in_kubio":false,"footnotes":""},"class_list":["post-983","page","type-page","status-publish","hentry"],"kubio_ai_page_context":{"short_desc":"","purpose":"general"},"_links":{"self":[{"href":"https:\/\/optu-wolomin.pl\/index.php\/wp-json\/wp\/v2\/pages\/983","targetHints":{"allow":["GET"]}}],"collection":[{"href":"https:\/\/optu-wolomin.pl\/index.php\/wp-json\/wp\/v2\/pages"}],"about":[{"href":"https:\/\/optu-wolomin.pl\/index.php\/wp-json\/wp\/v2\/types\/page"}],"author":[{"embeddable":true,"href":"https:\/\/optu-wolomin.pl\/index.php\/wp-json\/wp\/v2\/users\/1"}],"replies":[{"embeddable":true,"href":"https:\/\/optu-wolomin.pl\/index.php\/wp-json\/wp\/v2\/comments?post=983"}],"version-history":[{"count":1,"href":"https:\/\/optu-wolomin.pl\/index.php\/wp-json\/wp\/v2\/pages\/983\/revisions"}],"predecessor-version":[{"id":984,"href":"https:\/\/optu-wolomin.pl\/index.php\/wp-json\/wp\/v2\/pages\/983\/revisions\/984"}],"wp:attachment":[{"href":"https:\/\/optu-wolomin.pl\/index.php\/wp-json\/wp\/v2\/media?parent=983"}],"curies":[{"name":"wp","href":"https:\/\/api.w.org\/{rel}","templated":true}]}}